{"id":1065,"date":"2024-10-04T04:17:29","date_gmt":"2024-10-04T04:17:29","guid":{"rendered":"https:\/\/marrakechgonflable.com\/?post_type=product&#038;p=1065"},"modified":"2025-03-03T12:14:13","modified_gmt":"2025-03-03T12:14:13","slug":"shandora","status":"publish","type":"product","link":"https:\/\/marrakechgonflable.com\/?product=shandora","title":{"rendered":"Shandora"},"content":{"rendered":"<p><strong>Un parcours sportif pour les petits aventuriers !<\/strong><br \/>\nCe parcours propose une exp\u00e9rience fun et dynamique d\u00e8s le plus jeune \u00e2ge. Deux pistes sont disponibles pour des courses effr\u00e9n\u00e9es.<\/p>\n<p>Avec des obstacles gonflables vari\u00e9s (rouleaux, murs d\u2019escalade, toboggans), chaque enfant peut relever le d\u00e9fi \u00e0 son rythme tout en s\u2019amusant.<\/p>\n","protected":false},"excerpt":{"rendered":"<table style=\"width: 100%; border-collapse: collapse; sans-serif; color: #000000;\">\n<tr>\n<td style=\"padding: 10px; text-align: left;font-family: montserrat; font-weight: 400; font-size: 18px; color: #000;\">\n                <img decoding=\"async\" src=\"https:\/\/marrakechgonflable.com\/wp-content\/uploads\/2024\/11\/norm.png\" alt=\"Children Icon\" style=\"width: 18px; height: 20px;margin-right: 8px;\"><strong>Norme:<\/strong> EN NF 14960<br \/>\n                <img decoding=\"async\" src=\"https:\/\/marrakechgonflable.com\/wp-content\/uploads\/2024\/11\/kg.png\" alt=\"Children Icon\" style=\"width: 18px; height: 20px;margin-right: 8px;\"><strong>Poids:<\/strong> 200kg<br \/>\n                <img decoding=\"async\" src=\"https:\/\/marrakechgonflable.com\/wp-content\/uploads\/2024\/11\/stock.png\" alt=\"Children Icon\" style=\"width: 18px; height: 20px;margin-right: 8px;\"><span style=\"color: #239e23;\">En stock<\/span>\n            <\/td>\n<\/tr>\n<\/table>\n<table style=\"width: 100%; border-collapse: collapse; sans-serif; color: #000000;\">\n<tbody>\n        <!-- Row for Norme and Poids --><\/p>\n<p>        <!-- Row 1: 8 enfants --><\/p>\n<tr style=\"border-top: 1px solid #969696\">\n<td style=\"padding: 10px; width: 20%; text-align: center;\">\n                <img decoding=\"async\" src=\"https:\/\/marrakechgonflable.com\/wp-content\/uploads\/2024\/11\/1.png\" alt=\"Children Icon\" style=\"width: 60px; height: 60px;\">\n            <\/td>\n<td style=\"padding: 10px; text-align: left;\">\n                <strong style=\"font-family: montserrat; font-weight: 500; font-size: 18px; color: #000;\">12 enfants<\/strong>\n            <\/td>\n<\/tr>\n<p>        <!-- Row 2: Age --><\/p>\n<tr style=\"border-top: 1px solid #969696\">\n<td style=\"padding: 10px; width: 20%; text-align: center;\">\n                <img decoding=\"async\" src=\"https:\/\/marrakechgonflable.com\/wp-content\/uploads\/2024\/11\/2.png\" alt=\"Age Icon\" style=\"width: 60px; height: 60px;\">\n            <\/td>\n<td style=\"padding: 10px; text-align: left;\">\n                <strong style=\"font-family: montserrat; font-weight: 500; font-size: 18px; color: #000;\">Jusqu\u2019\u00e0 12 ans<\/strong>\n            <\/td>\n<\/tr>\n<p>        <!-- Row 3: Power --><\/p>\n<tr style=\"border-top: 1px solid #969696\">\n<td style=\"padding: 10px; width: 20%; text-align: center;\">\n                <img decoding=\"async\" src=\"https:\/\/marrakechgonflable.com\/wp-content\/uploads\/2024\/11\/3.png\" alt=\"Power Icon\" style=\"width: 60px; height: 60px;\">\n            <\/td>\n<td style=\"padding: 10px; text-align: left;\">\n                <strong style=\"font-family: montserrat; font-weight: 500; font-size: 18px; color: #000;\">2 souffleurs x 220V \/ 16A<\/strong>\n            <\/td>\n<\/tr>\n<p>        <!-- Row 4: Dimensions --><\/p>\n<tr style=\"border-top: 1px solid #969696\">\n<td style=\"padding: 10px; width: 20%; text-align: center;\">\n                <img decoding=\"async\" src=\"https:\/\/marrakechgonflable.com\/wp-content\/uploads\/2024\/11\/4.png\" alt=\"Dimensions Icon\" style=\"width: 60px; height: 60px;\">\n            <\/td>\n<td style=\"padding: 10px; text-align: left;\">\n                <strong style=\"font-family: montserrat; font-weight: 500; font-size: 18px; color: #000;\">(L x l x h): 13m x 4m x 4m<\/strong>\n            <\/td>\n<\/tr>\n<\/tbody>\n<\/table>\n","protected":false},"featured_media":1066,"template":"","meta":[],"product_cat":[27],"product_tag":[],"class_list":{"0":"post-1065","1":"product","2":"type-product","3":"status-publish","4":"has-post-thumbnail","6":"product_cat-parcoursettobbogan","8":"first","9":"instock","10":"shipping-taxable","11":"purchasable","12":"product-type-simple"},"_links":{"self":[{"href":"https:\/\/marrakechgonflable.com\/index.php?rest_route=\/wp\/v2\/product\/1065"}],"collection":[{"href":"https:\/\/marrakechgonflable.com\/index.php?rest_route=\/wp\/v2\/product"}],"about":[{"href":"https:\/\/marrakechgonflable.com\/index.php?rest_route=\/wp\/v2\/types\/product"}],"wp:featuredmedia":[{"embeddable":true,"href":"https:\/\/marrakechgonflable.com\/index.php?rest_route=\/wp\/v2\/media\/1066"}],"wp:attachment":[{"href":"https:\/\/marrakechgonflable.com\/index.php?rest_route=%2Fwp%2Fv2%2Fmedia&parent=1065"}],"wp:term":[{"taxonomy":"product_cat","embeddable":true,"href":"https:\/\/marrakechgonflable.com\/index.php?rest_route=%2Fwp%2Fv2%2Fproduct_cat&post=1065"},{"taxonomy":"product_tag","embeddable":true,"href":"https:\/\/marrakechgonflable.com\/index.php?rest_route=%2Fwp%2Fv2%2Fproduct_tag&post=1065"}],"curies":[{"name":"wp","href":"https:\/\/api.w.org\/{rel}","templated":true}]}}