{"id":1132,"date":"2024-10-11T03:39:38","date_gmt":"2024-10-11T03:39:38","guid":{"rendered":"https:\/\/marrakechgonflable.com\/?post_type=product&#038;p=1132"},"modified":"2024-12-05T13:05:34","modified_gmt":"2024-12-05T13:05:34","slug":"spiderman","status":"publish","type":"product","link":"https:\/\/marrakechgonflable.com\/?product=spiderman","title":{"rendered":"Spiderman"},"content":{"rendered":"<p><strong>Spider-Man : l&#8217;aventure h\u00e9ro\u00efque !<\/strong><br \/>\nIncarne ton super-h\u00e9ros pr\u00e9f\u00e9r\u00e9 en plongeant dans cet incroyable parcours gonflable Spider-Man.<\/p>\n<p>Avec des obstacles \u00e0 franchir, des murs \u00e0 escalader, et des toboggans \u00e0 d\u00e9valer, ce jeu garantit des heures de fun et d\u2019adr\u00e9naline pour tous les petits fans de l\u2019homme-araign\u00e9e. Es-tu pr\u00eat \u00e0 relever le d\u00e9fi et sauver la ville ?<\/p>\n","protected":false},"excerpt":{"rendered":"<table style=\"width: 100%; border-collapse: collapse; sans-serif; color: #000000;\">\n<tbody>\n<tr>\n<td style=\"padding: 10px; text-align: left; font-family: montserrat; font-weight: 400; font-size: 18px; color: #000;\"><img decoding=\"async\" style=\"width: 18px; height: 20px; margin-right: 8px;\" src=\"https:\/\/marrakechgonflable.com\/wp-content\/uploads\/2024\/11\/norm.png\" alt=\"Children Icon\" \/><strong>Norme:<\/strong> EN NF 14960<br \/>\n<img decoding=\"async\" style=\"width: 18px; height: 20px; margin-right: 8px;\" src=\"https:\/\/marrakechgonflable.com\/wp-content\/uploads\/2024\/11\/kg.png\" alt=\"Children Icon\" \/><strong>Poids:<\/strong> 260kg<br \/>\n<img decoding=\"async\" style=\"width: 18px; height: 20px; margin-right: 8px;\" src=\"https:\/\/marrakechgonflable.com\/wp-content\/uploads\/2024\/11\/stock.png\" alt=\"Children Icon\" \/><span style=\"color: #239e23;\">En stock<\/span><\/td>\n<\/tr>\n<\/tbody>\n<\/table>\n<table style=\"width: 100%; border-collapse: collapse; sans-serif; color: #000000;\">\n<tbody><!-- Row for Norme and Poids --><!-- Row 1: 8 enfants --><\/p>\n<tr style=\"border-top: 1px solid #969696;\">\n<td style=\"padding: 10px; width: 20%; text-align: center;\"><img decoding=\"async\" style=\"width: 60px; height: 60px;\" src=\"https:\/\/marrakechgonflable.com\/wp-content\/uploads\/2024\/11\/1.png\" alt=\"Children Icon\" \/><\/td>\n<td style=\"padding: 10px; text-align: left;\"><strong style=\"font-family: montserrat; font-weight: 500; font-size: 18px; color: #000;\">10-15 enfants<\/strong><\/td>\n<\/tr>\n<p><!-- Row 2: Age --><\/p>\n<tr style=\"border-top: 1px solid #969696;\">\n<td style=\"padding: 10px; width: 20%; text-align: center;\"><img decoding=\"async\" style=\"width: 60px; height: 60px;\" src=\"https:\/\/marrakechgonflable.com\/wp-content\/uploads\/2024\/11\/2.png\" alt=\"Age Icon\" \/><\/td>\n<td style=\"padding: 10px; text-align: left;\"><strong style=\"font-family: montserrat; font-weight: 500; font-size: 18px; color: #000;\">A partir de 4 ans<\/strong><\/td>\n<\/tr>\n<p><!-- Row 3: Power --><\/p>\n<tr style=\"border-top: 1px solid #969696;\">\n<td style=\"padding: 10px; width: 20%; text-align: center;\"><img decoding=\"async\" style=\"width: 60px; height: 60px;\" src=\"https:\/\/marrakechgonflable.com\/wp-content\/uploads\/2024\/11\/3.png\" alt=\"Power Icon\" \/><\/td>\n<td style=\"padding: 10px; text-align: left;\"><strong style=\"font-family: montserrat; font-weight: 500; font-size: 18px; color: #000;\">2 souffleurs x 220V \/ 16A<\/strong><\/td>\n<\/tr>\n<p><!-- Row 4: Dimensions --><\/p>\n<tr style=\"border-top: 1px solid #969696;\">\n<td style=\"padding: 10px; width: 20%; text-align: center;\"><img decoding=\"async\" style=\"width: 60px; height: 60px;\" src=\"https:\/\/marrakechgonflable.com\/wp-content\/uploads\/2024\/11\/4.png\" alt=\"Dimensions Icon\" \/><\/td>\n<td style=\"padding: 10px; text-align: left;\"><strong style=\"font-family: montserrat; font-weight: 500; font-size: 18px; color: #000;\">(L x l x h): 6,5m x 4,57m x 3,9m<\/strong><\/td>\n<\/tr>\n<\/tbody>\n<\/table>\n","protected":false},"featured_media":1133,"template":"","meta":[],"product_cat":[26],"product_tag":[],"class_list":{"0":"post-1132","1":"product","2":"type-product","3":"status-publish","4":"has-post-thumbnail","6":"product_cat-chateauxgonflables","8":"first","9":"instock","10":"shipping-taxable","11":"purchasable","12":"product-type-simple"},"_links":{"self":[{"href":"https:\/\/marrakechgonflable.com\/index.php?rest_route=\/wp\/v2\/product\/1132"}],"collection":[{"href":"https:\/\/marrakechgonflable.com\/index.php?rest_route=\/wp\/v2\/product"}],"about":[{"href":"https:\/\/marrakechgonflable.com\/index.php?rest_route=\/wp\/v2\/types\/product"}],"wp:featuredmedia":[{"embeddable":true,"href":"https:\/\/marrakechgonflable.com\/index.php?rest_route=\/wp\/v2\/media\/1133"}],"wp:attachment":[{"href":"https:\/\/marrakechgonflable.com\/index.php?rest_route=%2Fwp%2Fv2%2Fmedia&parent=1132"}],"wp:term":[{"taxonomy":"product_cat","embeddable":true,"href":"https:\/\/marrakechgonflable.com\/index.php?rest_route=%2Fwp%2Fv2%2Fproduct_cat&post=1132"},{"taxonomy":"product_tag","embeddable":true,"href":"https:\/\/marrakechgonflable.com\/index.php?rest_route=%2Fwp%2Fv2%2Fproduct_tag&post=1132"}],"curies":[{"name":"wp","href":"https:\/\/api.w.org\/{rel}","templated":true}]}}