{"id":1137,"date":"2024-10-11T04:06:20","date_gmt":"2024-10-11T04:06:20","guid":{"rendered":"https:\/\/marrakechgonflable.com\/?post_type=product&#038;p=1137"},"modified":"2024-11-26T15:28:45","modified_gmt":"2024-11-26T15:28:45","slug":"reine-des-neige","status":"publish","type":"product","link":"https:\/\/marrakechgonflable.com\/?product=reine-des-neige","title":{"rendered":"Reine des neige"},"content":{"rendered":"<p><strong>Le ch\u00e2teau gonflable Reine des Neiges : un monde f\u00e9erique !<\/strong><br \/>\nPlongez dans l&#8217;univers magique de la Reine des Neiges avec ce ch\u00e2teau gonflable enchanteur. Les enfants pourront s&#8217;amuser tout en se sentant comme de v\u00e9ritables h\u00e9ros et h\u00e9ro\u00efnes d&#8217;Arendelle.<\/p>\n<p>Id\u00e9al pour les f\u00eates et \u00e9v\u00e9nements au Maroc, ce jeu gonflable est parfait pour faire r\u00eaver les petits fans d&#8217;Elsa et d&#8217;Anna. Glissez, sautez et partez \u00e0 l&#8217;aventure dans ce d\u00e9cor f\u00e9\u00e9rique !<\/p>\n","protected":false},"excerpt":{"rendered":"<table style=\"width: 100%; border-collapse: collapse; sans-serif; color: #000000;\">\n<tr>\n<td style=\"padding: 10px; text-align: left;font-family: montserrat; font-weight: 400; font-size: 18px; color: #000;\">\n                <img decoding=\"async\" src=\"https:\/\/marrakechgonflable.com\/wp-content\/uploads\/2024\/11\/norm.png\" alt=\"Children Icon\" style=\"width: 18px; height: 20px;margin-right: 8px;\"><strong>Norme:<\/strong> EN NF 14960<br \/>\n                <img decoding=\"async\" src=\"https:\/\/marrakechgonflable.com\/wp-content\/uploads\/2024\/11\/kg.png\" alt=\"Children Icon\" style=\"width: 18px; height: 20px;margin-right: 8px;\"><strong>Poids:<\/strong> 200kg<br \/>\n                <img decoding=\"async\" src=\"https:\/\/marrakechgonflable.com\/wp-content\/uploads\/2024\/11\/stock.png\" alt=\"Children Icon\" style=\"width: 18px; height: 20px;margin-right: 8px;\"><span style=\"color: #239e23;\">En stock<\/span>\n            <\/td>\n<\/tr>\n<\/table>\n<table style=\"width: 100%; border-collapse: collapse; sans-serif; color: #000000;\">\n<tbody>\n        <!-- Row for Norme and Poids --><\/p>\n<p>        <!-- Row 1: 8 enfants --><\/p>\n<tr style=\"border-top: 1px solid #969696\">\n<td style=\"padding: 10px; width: 20%; text-align: center;\">\n                <img decoding=\"async\" src=\"https:\/\/marrakechgonflable.com\/wp-content\/uploads\/2024\/11\/1.png\" alt=\"Children Icon\" style=\"width: 60px; height: 60px;\">\n            <\/td>\n<td style=\"padding: 10px; text-align: left;\">\n                <strong style=\"font-family: montserrat; font-weight: 500; font-size: 18px; color: #000;\">10 enfants<\/strong>\n            <\/td>\n<\/tr>\n<p>        <!-- Row 2: Age --><\/p>\n<tr style=\"border-top: 1px solid #969696\">\n<td style=\"padding: 10px; width: 20%; text-align: center;\">\n                <img decoding=\"async\" src=\"https:\/\/marrakechgonflable.com\/wp-content\/uploads\/2024\/11\/2.png\" alt=\"Age Icon\" style=\"width: 60px; height: 60px;\">\n            <\/td>\n<td style=\"padding: 10px; text-align: left;\">\n                <strong style=\"font-family: montserrat; font-weight: 500; font-size: 18px; color: #000;\">A partir de 3 ans<\/strong>\n            <\/td>\n<\/tr>\n<p>        <!-- Row 3: Power --><\/p>\n<tr style=\"border-top: 1px solid #969696\">\n<td style=\"padding: 10px; width: 20%; text-align: center;\">\n                <img decoding=\"async\" src=\"https:\/\/marrakechgonflable.com\/wp-content\/uploads\/2024\/11\/3.png\" alt=\"Power Icon\" style=\"width: 60px; height: 60px;\">\n            <\/td>\n<td style=\"padding: 10px; text-align: left;\">\n                <strong style=\"font-family: montserrat; font-weight: 500; font-size: 18px; color: #000;\">2 souffleurs x 220V \/ 16A<\/strong>\n            <\/td>\n<\/tr>\n<p>        <!-- Row 4: Dimensions --><\/p>\n<tr style=\"border-top: 1px solid #969696\">\n<td style=\"padding: 10px; width: 20%; text-align: center;\">\n                <img decoding=\"async\" src=\"https:\/\/marrakechgonflable.com\/wp-content\/uploads\/2024\/11\/4.png\" alt=\"Dimensions Icon\" style=\"width: 60px; height: 60px;\">\n            <\/td>\n<td style=\"padding: 10px; text-align: left;\">\n                <strong style=\"font-family: montserrat; font-weight: 500; font-size: 18px; color: #000;\">(L x l x h): 5,5m x 5m x 5m<\/strong>\n            <\/td>\n<\/tr>\n<\/tbody>\n<\/table>\n","protected":false},"featured_media":1138,"template":"","meta":[],"product_cat":[26],"product_tag":[],"class_list":{"0":"post-1137","1":"product","2":"type-product","3":"status-publish","4":"has-post-thumbnail","6":"product_cat-chateauxgonflables","8":"first","9":"instock","10":"shipping-taxable","11":"purchasable","12":"product-type-simple"},"_links":{"self":[{"href":"https:\/\/marrakechgonflable.com\/index.php?rest_route=\/wp\/v2\/product\/1137"}],"collection":[{"href":"https:\/\/marrakechgonflable.com\/index.php?rest_route=\/wp\/v2\/product"}],"about":[{"href":"https:\/\/marrakechgonflable.com\/index.php?rest_route=\/wp\/v2\/types\/product"}],"wp:featuredmedia":[{"embeddable":true,"href":"https:\/\/marrakechgonflable.com\/index.php?rest_route=\/wp\/v2\/media\/1138"}],"wp:attachment":[{"href":"https:\/\/marrakechgonflable.com\/index.php?rest_route=%2Fwp%2Fv2%2Fmedia&parent=1137"}],"wp:term":[{"taxonomy":"product_cat","embeddable":true,"href":"https:\/\/marrakechgonflable.com\/index.php?rest_route=%2Fwp%2Fv2%2Fproduct_cat&post=1137"},{"taxonomy":"product_tag","embeddable":true,"href":"https:\/\/marrakechgonflable.com\/index.php?rest_route=%2Fwp%2Fv2%2Fproduct_tag&post=1137"}],"curies":[{"name":"wp","href":"https:\/\/api.w.org\/{rel}","templated":true}]}}