{"id":1139,"date":"2024-10-11T04:08:51","date_gmt":"2024-10-11T04:08:51","guid":{"rendered":"https:\/\/marrakechgonflable.com\/?post_type=product&#038;p=1139"},"modified":"2025-03-03T11:43:52","modified_gmt":"2025-03-03T11:43:52","slug":"tigroo-slide","status":"publish","type":"product","link":"https:\/\/marrakechgonflable.com\/?product=tigroo-slide","title":{"rendered":"Tigroo slide"},"content":{"rendered":"<p><strong>Le toboggan gonflable Tigroo : l&#8217;aventure sauvage !<\/strong><br \/>\nPr\u00e9parez-vous pour une descente pleine de fun avec le toboggan gonflable Tigroo ! Inspir\u00e9 de l&#8217;\u00e9nergie d\u00e9bordante de Tigroo, ce jeu gonflable promet des moments d\u2019amusement pour les enfants.<\/p>\n","protected":false},"excerpt":{"rendered":"<table style=\"width: 100%; border-collapse: collapse; sans-serif; color: #000000;\">\n<tr>\n<td style=\"padding: 10px; text-align: left;font-family: montserrat; font-weight: 400; font-size: 18px; color: #000;\">\n                <img decoding=\"async\" src=\"https:\/\/marrakechgonflable.com\/wp-content\/uploads\/2024\/11\/norm.png\" alt=\"Children Icon\" style=\"width: 18px; height: 20px;margin-right: 8px;\"><strong>Norme:<\/strong> EN NF 14960<br \/>\n                <img decoding=\"async\" src=\"https:\/\/marrakechgonflable.com\/wp-content\/uploads\/2024\/11\/kg.png\" alt=\"Children Icon\" style=\"width: 18px; height: 20px;margin-right: 8px;\"><strong>Poids:<\/strong> 55kg<br \/>\n                <img decoding=\"async\" src=\"https:\/\/marrakechgonflable.com\/wp-content\/uploads\/2024\/11\/stock.png\" alt=\"Children Icon\" style=\"width: 18px; height: 20px;margin-right: 8px;\"><span style=\"color: #239e23;\">En stock<\/span>\n            <\/td>\n<\/tr>\n<\/table>\n<table style=\"width: 100%; border-collapse: collapse; sans-serif; color: #000000;\">\n<tbody>\n        <!-- Row for Norme and Poids --><\/p>\n<p>        <!-- Row 1: 8 enfants --><\/p>\n<tr style=\"border-top: 1px solid #969696\">\n<td style=\"padding: 10px; width: 20%; text-align: center;\">\n                <img decoding=\"async\" src=\"https:\/\/marrakechgonflable.com\/wp-content\/uploads\/2024\/11\/1.png\" alt=\"Children Icon\" style=\"width: 60px; height: 60px;\">\n            <\/td>\n<td style=\"padding: 10px; text-align: left;\">\n                <strong style=\"font-family: montserrat; font-weight: 500; font-size: 18px; color: #000;\">8 enfants<\/strong>\n            <\/td>\n<\/tr>\n<p>        <!-- Row 2: Age --><\/p>\n<tr style=\"border-top: 1px solid #969696\">\n<td style=\"padding: 10px; width: 20%; text-align: center;\">\n                <img decoding=\"async\" src=\"https:\/\/marrakechgonflable.com\/wp-content\/uploads\/2024\/11\/2.png\" alt=\"Age Icon\" style=\"width: 60px; height: 60px;\">\n            <\/td>\n<td style=\"padding: 10px; text-align: left;\">\n                <strong style=\"font-family: montserrat; font-weight: 500; font-size: 18px; color: #000;\">A partir de 3 ans<\/strong>\n            <\/td>\n<\/tr>\n<p>        <!-- Row 3: Power --><\/p>\n<tr style=\"border-top: 1px solid #969696\">\n<td style=\"padding: 10px; width: 20%; text-align: center;\">\n                <img decoding=\"async\" src=\"https:\/\/marrakechgonflable.com\/wp-content\/uploads\/2024\/11\/3.png\" alt=\"Power Icon\" style=\"width: 60px; height: 60px;\">\n            <\/td>\n<td style=\"padding: 10px; text-align: left;\">\n                <strong style=\"font-family: montserrat; font-weight: 500; font-size: 18px; color: #000;\">1 souffleur x 220V \/ 16A<\/strong>\n            <\/td>\n<\/tr>\n<p>        <!-- Row 4: Dimensions --><\/p>\n<tr style=\"border-top: 1px solid #969696\">\n<td style=\"padding: 10px; width: 20%; text-align: center;\">\n                <img decoding=\"async\" src=\"https:\/\/marrakechgonflable.com\/wp-content\/uploads\/2024\/11\/4.png\" alt=\"Dimensions Icon\" style=\"width: 60px; height: 60px;\">\n            <\/td>\n<td style=\"padding: 10px; text-align: left;\">\n                <strong style=\"font-family: montserrat; font-weight: 500; font-size: 18px; color: #000;\">(L x l x h): 7m x 2m x 2m<\/strong>\n            <\/td>\n<\/tr>\n<\/tbody>\n<\/table>\n","protected":false},"featured_media":1140,"template":"","meta":[],"product_cat":[16],"product_tag":[],"class_list":{"0":"post-1139","1":"product","2":"type-product","3":"status-publish","4":"has-post-thumbnail","6":"product_cat-jeux-gonflables-aquatiques","8":"first","9":"instock","10":"shipping-taxable","11":"purchasable","12":"product-type-simple"},"_links":{"self":[{"href":"https:\/\/marrakechgonflable.com\/index.php?rest_route=\/wp\/v2\/product\/1139"}],"collection":[{"href":"https:\/\/marrakechgonflable.com\/index.php?rest_route=\/wp\/v2\/product"}],"about":[{"href":"https:\/\/marrakechgonflable.com\/index.php?rest_route=\/wp\/v2\/types\/product"}],"wp:featuredmedia":[{"embeddable":true,"href":"https:\/\/marrakechgonflable.com\/index.php?rest_route=\/wp\/v2\/media\/1140"}],"wp:attachment":[{"href":"https:\/\/marrakechgonflable.com\/index.php?rest_route=%2Fwp%2Fv2%2Fmedia&parent=1139"}],"wp:term":[{"taxonomy":"product_cat","embeddable":true,"href":"https:\/\/marrakechgonflable.com\/index.php?rest_route=%2Fwp%2Fv2%2Fproduct_cat&post=1139"},{"taxonomy":"product_tag","embeddable":true,"href":"https:\/\/marrakechgonflable.com\/index.php?rest_route=%2Fwp%2Fv2%2Fproduct_tag&post=1139"}],"curies":[{"name":"wp","href":"https:\/\/api.w.org\/{rel}","templated":true}]}}