{"id":1193,"date":"2024-10-13T12:10:17","date_gmt":"2024-10-13T12:10:17","guid":{"rendered":"https:\/\/marrakechgonflable.com\/?post_type=product&#038;p=1193"},"modified":"2025-03-03T11:42:34","modified_gmt":"2025-03-03T11:42:34","slug":"aqua-fun","status":"publish","type":"product","link":"https:\/\/marrakechgonflable.com\/?product=aqua-fun","title":{"rendered":"Aqua fun"},"content":{"rendered":"<p><strong>Plongez dans l&#8217;amusement avec Aqua Fun ! Id\u00e9al pour 8 enfants \u00e0 partir de 3 ans, ce jeu gonflable aquatique offre des moments rafra\u00eechissants et s\u00e9curis\u00e9s. Disponible \u00e0 Marrakech et partout au Maroc. \ud83d\udca6<\/strong><\/p>\n","protected":false},"excerpt":{"rendered":"<table style=\"width: 100%; border-collapse: collapse; sans-serif; color: #000000;\">\n<tbody>\n<tr>\n<td style=\"padding: 10px; text-align: left; font-family: montserrat; font-weight: 400; font-size: 18px; color: #000;\"><img decoding=\"async\" style=\"width: 18px; height: 20px; margin-right: 8px;\" src=\"https:\/\/marrakechgonflable.com\/wp-content\/uploads\/2024\/11\/norm.png\" alt=\"Children Icon\" \/><strong>Norme:<\/strong> EN NF 14960<br \/>\n<img decoding=\"async\" style=\"width: 18px; height: 20px; margin-right: 8px;\" src=\"https:\/\/marrakechgonflable.com\/wp-content\/uploads\/2024\/11\/kg.png\" alt=\"Children Icon\" \/><strong>Poids:<\/strong> 55kg<br \/>\n<img decoding=\"async\" style=\"width: 18px; height: 20px; margin-right: 8px;\" src=\"https:\/\/marrakechgonflable.com\/wp-content\/uploads\/2024\/11\/stock.png\" alt=\"Children Icon\" \/><span style=\"color: #239e23;\">En stock<\/span><\/td>\n<\/tr>\n<\/tbody>\n<\/table>\n<table style=\"width: 100%; border-collapse: collapse; sans-serif; color: #000000;\">\n<tbody><!-- Row for Norme and Poids --><!-- Row 1: 8 enfants --><\/p>\n<tr style=\"border-top: 1px solid #969696;\">\n<td style=\"padding: 10px; width: 20%; text-align: center;\"><img decoding=\"async\" style=\"width: 60px; height: 60px;\" src=\"https:\/\/marrakechgonflable.com\/wp-content\/uploads\/2024\/11\/1.png\" alt=\"Children Icon\" \/><\/td>\n<td style=\"padding: 10px; text-align: left;\"><strong style=\"font-family: montserrat; font-weight: 500; font-size: 18px; color: #000;\">8 enfants<\/strong><\/td>\n<\/tr>\n<p><!-- Row 2: Age --><\/p>\n<tr style=\"border-top: 1px solid #969696;\">\n<td style=\"padding: 10px; width: 20%; text-align: center;\"><img decoding=\"async\" style=\"width: 60px; height: 60px;\" src=\"https:\/\/marrakechgonflable.com\/wp-content\/uploads\/2024\/11\/2.png\" alt=\"Age Icon\" \/><\/td>\n<td style=\"padding: 10px; text-align: left;\"><strong style=\"font-family: montserrat; font-weight: 500; font-size: 18px; color: #000;\">A partir de 3 ans<\/strong><\/td>\n<\/tr>\n<p><!-- Row 3: Power --><\/p>\n<tr style=\"border-top: 1px solid #969696;\">\n<td style=\"padding: 10px; width: 20%; text-align: center;\"><img decoding=\"async\" style=\"width: 60px; height: 60px;\" src=\"https:\/\/marrakechgonflable.com\/wp-content\/uploads\/2024\/11\/3.png\" alt=\"Power Icon\" \/><\/td>\n<td style=\"padding: 10px; text-align: left;\"><strong style=\"font-family: montserrat; font-weight: 500; font-size: 18px; color: #000;\">1 souffleurs x 220V \/ 16A<\/strong><\/td>\n<\/tr>\n<p><!-- Row 4: Dimensions --><\/p>\n<tr style=\"border-top: 1px solid #969696;\">\n<td style=\"padding: 10px; width: 20%; text-align: center;\"><img decoding=\"async\" style=\"width: 60px; height: 60px;\" src=\"https:\/\/marrakechgonflable.com\/wp-content\/uploads\/2024\/11\/4.png\" alt=\"Dimensions Icon\" \/><\/td>\n<td style=\"padding: 10px; text-align: left;\"><strong style=\"font-family: montserrat; font-weight: 500; font-size: 18px; color: #000;\">(L x l x h): 7m x 2m x 2m<\/strong><\/td>\n<\/tr>\n<\/tbody>\n<\/table>\n","protected":false},"featured_media":1194,"template":"","meta":[],"product_cat":[16],"product_tag":[],"class_list":{"0":"post-1193","1":"product","2":"type-product","3":"status-publish","4":"has-post-thumbnail","6":"product_cat-jeux-gonflables-aquatiques","8":"first","9":"instock","10":"shipping-taxable","11":"purchasable","12":"product-type-simple"},"_links":{"self":[{"href":"https:\/\/marrakechgonflable.com\/index.php?rest_route=\/wp\/v2\/product\/1193"}],"collection":[{"href":"https:\/\/marrakechgonflable.com\/index.php?rest_route=\/wp\/v2\/product"}],"about":[{"href":"https:\/\/marrakechgonflable.com\/index.php?rest_route=\/wp\/v2\/types\/product"}],"wp:featuredmedia":[{"embeddable":true,"href":"https:\/\/marrakechgonflable.com\/index.php?rest_route=\/wp\/v2\/media\/1194"}],"wp:attachment":[{"href":"https:\/\/marrakechgonflable.com\/index.php?rest_route=%2Fwp%2Fv2%2Fmedia&parent=1193"}],"wp:term":[{"taxonomy":"product_cat","embeddable":true,"href":"https:\/\/marrakechgonflable.com\/index.php?rest_route=%2Fwp%2Fv2%2Fproduct_cat&post=1193"},{"taxonomy":"product_tag","embeddable":true,"href":"https:\/\/marrakechgonflable.com\/index.php?rest_route=%2Fwp%2Fv2%2Fproduct_tag&post=1193"}],"curies":[{"name":"wp","href":"https:\/\/api.w.org\/{rel}","templated":true}]}}