{"id":1260,"date":"2024-10-19T04:00:13","date_gmt":"2024-10-19T04:00:13","guid":{"rendered":"https:\/\/marrakechgonflable.com\/?post_type=product&#038;p=1260"},"modified":"2024-12-05T13:21:18","modified_gmt":"2024-12-05T13:21:18","slug":"barbe-a-papa-sur-chariot","status":"publish","type":"product","link":"https:\/\/marrakechgonflable.com\/?product=barbe-a-papa-sur-chariot","title":{"rendered":"BARBE A PAPA SUR CHARIOT"},"content":{"rendered":"","protected":false},"excerpt":{"rendered":"<div style=\"text-align: center;\">\n<p style=\"text-align: left;\"><strong>Informations :<\/strong><\/p>\n<ul style=\"text-align: left;\">\n<li><strong>Production<\/strong> : 90 portions par heure<\/li>\n<li>Avec <strong>1 kg de ma\u00efs<\/strong>, r\u00e9alisez jusqu\u2019\u00e0 <strong>40 portions<\/strong><\/li>\n<li><strong>Sucr\u00e9, nature ou sal\u00e9<\/strong> : \u00e0 vous de choisir !<\/li>\n<\/ul>\n<p style=\"text-align: left;\">Un incontournable pour petits et grands lors de mariages, anniversaires, bapt\u00eames, communions, go\u00fbters d\u2019anniversaire, EVJF, baby-showers, family days, bar\/bat mitzvahs, sweet sixteens, \u00e9v\u00e9nements d\u2019entreprise, arbres de No\u00ebl, pr\u00e9sentations presse, soir\u00e9es de lancement, et bien plus encore.<\/p>\n<p style=\"text-align: left;\">Ajoutez une touche d&#8217;originalit\u00e9 et de douceur \u00e0 vos \u00e9v\u00e9nements !<\/p>\n<p><a href=\"https:\/\/wa.me\/212766664566?text=Bonjour%20Marrakech%20Gonflable%2C%20je%20souhaite%20obtenir%20plus%20d%27informations%20sur%20vos%20services.\"><br \/>\n<img decoding=\"async\" src=\"https:\/\/marrakechgonflable.com\/wp-content\/uploads\/2024\/10\/wtsp-300x132.png\" alt=\"Contact us via WhatsApp\" width=\"195\" height=\"86\" \/><br \/>\n<\/a><\/p>\n<\/div>\n<div style=\"height: 40px;\"><\/div>\n","protected":false},"featured_media":1258,"template":"","meta":[],"product_cat":[29],"product_tag":[],"class_list":{"0":"post-1260","1":"product","2":"type-product","3":"status-publish","4":"has-post-thumbnail","6":"product_cat-confiserie","8":"first","9":"instock","10":"shipping-taxable","11":"purchasable","12":"product-type-simple"},"_links":{"self":[{"href":"https:\/\/marrakechgonflable.com\/index.php?rest_route=\/wp\/v2\/product\/1260"}],"collection":[{"href":"https:\/\/marrakechgonflable.com\/index.php?rest_route=\/wp\/v2\/product"}],"about":[{"href":"https:\/\/marrakechgonflable.com\/index.php?rest_route=\/wp\/v2\/types\/product"}],"wp:featuredmedia":[{"embeddable":true,"href":"https:\/\/marrakechgonflable.com\/index.php?rest_route=\/wp\/v2\/media\/1258"}],"wp:attachment":[{"href":"https:\/\/marrakechgonflable.com\/index.php?rest_route=%2Fwp%2Fv2%2Fmedia&parent=1260"}],"wp:term":[{"taxonomy":"product_cat","embeddable":true,"href":"https:\/\/marrakechgonflable.com\/index.php?rest_route=%2Fwp%2Fv2%2Fproduct_cat&post=1260"},{"taxonomy":"product_tag","embeddable":true,"href":"https:\/\/marrakechgonflable.com\/index.php?rest_route=%2Fwp%2Fv2%2Fproduct_tag&post=1260"}],"curies":[{"name":"wp","href":"https:\/\/api.w.org\/{rel}","templated":true}]}}