{"id":541,"date":"2024-07-11T05:31:33","date_gmt":"2024-07-11T05:31:33","guid":{"rendered":"https:\/\/marrakechgonflable.com\/?post_type=product&#038;p=541"},"modified":"2025-03-03T11:44:57","modified_gmt":"2025-03-03T11:44:57","slug":"fun-run-12m","status":"publish","type":"product","link":"https:\/\/marrakechgonflable.com\/?product=fun-run-12m","title":{"rendered":"FUN RUN"},"content":{"rendered":"<p><strong>Participez \u00e0 la course la plus amusante avec Fun Run ! Parfait pour 15 \u00e0 20 joueurs \u00e0 partir de 3 ans, ce jeu gonflable offre des moments de comp\u00e9tition et de rire. Disponible \u00e0 Marrakech et partout au Maroc. \ud83c\udfc3\u200d\u2640\ufe0f\ud83c\udf89<\/strong><\/p>\n","protected":false},"excerpt":{"rendered":"<table style=\"width: 100%; border-collapse: collapse; sans-serif; color: #000000;\">\n<tbody>\n<tr>\n<td style=\"padding: 10px; text-align: left; font-family: montserrat; font-weight: 400; font-size: 18px; color: #000;\"><img decoding=\"async\" style=\"width: 18px; height: 20px; margin-right: 8px;\" src=\"https:\/\/marrakechgonflable.com\/wp-content\/uploads\/2024\/11\/norm.png\" alt=\"Children Icon\" \/><strong>Norme:<\/strong> EN NF 14960<br \/>\n<img decoding=\"async\" style=\"width: 18px; height: 20px; margin-right: 8px;\" src=\"https:\/\/marrakechgonflable.com\/wp-content\/uploads\/2024\/11\/kg.png\" alt=\"Children Icon\" \/><strong>Poids:<\/strong> 200kg<br \/>\n<img decoding=\"async\" style=\"width: 18px; height: 20px; margin-right: 8px;\" src=\"https:\/\/marrakechgonflable.com\/wp-content\/uploads\/2024\/11\/stock.png\" alt=\"Children Icon\" \/><span style=\"color: #239e23;\">En stock<\/span><\/td>\n<\/tr>\n<\/tbody>\n<\/table>\n<table style=\"width: 100%; border-collapse: collapse; sans-serif; color: #000000;\">\n<tbody><!-- Row for Norme and Poids --><!-- Row 1: 8 enfants --><\/p>\n<tr style=\"border-top: 1px solid #969696;\">\n<td style=\"padding: 10px; width: 20%; text-align: center;\"><img decoding=\"async\" style=\"width: 60px; height: 60px;\" src=\"https:\/\/marrakechgonflable.com\/wp-content\/uploads\/2024\/11\/1.png\" alt=\"Children Icon\" \/><\/td>\n<td style=\"padding: 10px; text-align: left;\"><strong style=\"font-family: montserrat; font-weight: 500; font-size: 18px; color: #000;\">15-20 Joueurs<\/strong><\/td>\n<\/tr>\n<p><!-- Row 2: Age --><\/p>\n<tr style=\"border-top: 1px solid #969696;\">\n<td style=\"padding: 10px; width: 20%; text-align: center;\"><img decoding=\"async\" style=\"width: 60px; height: 60px;\" src=\"https:\/\/marrakechgonflable.com\/wp-content\/uploads\/2024\/11\/2.png\" alt=\"Age Icon\" \/><\/td>\n<td style=\"padding: 10px; text-align: left;\"><strong style=\"font-family: montserrat; font-weight: 500; font-size: 18px; color: #000;\">A partir 3 ans<\/strong><\/td>\n<\/tr>\n<p><!-- Row 3: Power --><\/p>\n<tr style=\"border-top: 1px solid #969696;\">\n<td style=\"padding: 10px; width: 20%; text-align: center;\"><img decoding=\"async\" style=\"width: 60px; height: 60px;\" src=\"https:\/\/marrakechgonflable.com\/wp-content\/uploads\/2024\/11\/3.png\" alt=\"Power Icon\" \/><\/td>\n<td style=\"padding: 10px; text-align: left;\"><strong style=\"font-family: montserrat; font-weight: 500; font-size: 18px; color: #000;\">2 souffleurs x 220V \/ 16A<\/strong><\/td>\n<\/tr>\n<p><!-- Row 4: Dimensions --><\/p>\n<tr style=\"border-top: 1px solid #969696;\">\n<td style=\"padding: 10px; width: 20%; text-align: center;\"><img decoding=\"async\" style=\"width: 60px; height: 60px;\" src=\"https:\/\/marrakechgonflable.com\/wp-content\/uploads\/2024\/11\/4.png\" alt=\"Dimensions Icon\" \/><\/td>\n<td style=\"padding: 10px; text-align: left;\"><strong style=\"font-family: montserrat; font-weight: 500; font-size: 18px; color: #000;\">(L x l x h): 15,8 m x 3,8m x 4,6m<\/strong><\/td>\n<\/tr>\n<\/tbody>\n<\/table>\n","protected":false},"featured_media":1213,"template":"","meta":[],"product_cat":[27],"product_tag":[],"class_list":{"0":"post-541","1":"product","2":"type-product","3":"status-publish","4":"has-post-thumbnail","6":"product_cat-parcoursettobbogan","8":"first","9":"instock","10":"shipping-taxable","11":"purchasable","12":"product-type-simple"},"_links":{"self":[{"href":"https:\/\/marrakechgonflable.com\/index.php?rest_route=\/wp\/v2\/product\/541"}],"collection":[{"href":"https:\/\/marrakechgonflable.com\/index.php?rest_route=\/wp\/v2\/product"}],"about":[{"href":"https:\/\/marrakechgonflable.com\/index.php?rest_route=\/wp\/v2\/types\/product"}],"wp:featuredmedia":[{"embeddable":true,"href":"https:\/\/marrakechgonflable.com\/index.php?rest_route=\/wp\/v2\/media\/1213"}],"wp:attachment":[{"href":"https:\/\/marrakechgonflable.com\/index.php?rest_route=%2Fwp%2Fv2%2Fmedia&parent=541"}],"wp:term":[{"taxonomy":"product_cat","embeddable":true,"href":"https:\/\/marrakechgonflable.com\/index.php?rest_route=%2Fwp%2Fv2%2Fproduct_cat&post=541"},{"taxonomy":"product_tag","embeddable":true,"href":"https:\/\/marrakechgonflable.com\/index.php?rest_route=%2Fwp%2Fv2%2Fproduct_tag&post=541"}],"curies":[{"name":"wp","href":"https:\/\/api.w.org\/{rel}","templated":true}]}}