{"id":560,"date":"2024-07-11T05:54:11","date_gmt":"2024-07-11T05:54:11","guid":{"rendered":"https:\/\/marrakechgonflable.com\/?post_type=product&#038;p=560"},"modified":"2025-03-03T11:44:43","modified_gmt":"2025-03-03T11:44:43","slug":"aquaslide","status":"publish","type":"product","link":"https:\/\/marrakechgonflable.com\/?product=aquaslide","title":{"rendered":"AQUA SLIDE"},"content":{"rendered":"<div class=\"flex max-w-full flex-col flex-grow\">\n<div class=\"min-h-8 text-message flex w-full flex-col items-end gap-2 whitespace-normal break-words [.text-message+&amp;]:mt-5\" dir=\"auto\" data-message-author-role=\"assistant\" data-message-id=\"010af890-37b6-441d-b6db-bf040fafb5b3\" data-message-model-slug=\"gpt-4o-mini\">\n<div class=\"flex w-full flex-col gap-1 empty:hidden first:pt-[3px]\">\n<div class=\"markdown prose w-full break-words dark:prose-invert light\">\n<p><strong>Glissez dans l&#8217;aventure avec l&#8217;Aqua Slide ! Id\u00e9al pour 10 enfants \u00e0 partir de 3 ans, ce toboggan aquatique promet des moments rafra\u00eechissants et fun. Disponible \u00e0 Marrakech et partout au Maroc. \ud83d\udca6\ud83c\udfa2<\/strong><\/p>\n<\/div>\n<\/div>\n<\/div>\n<\/div>\n","protected":false},"excerpt":{"rendered":"<table style=\"width: 100%; border-collapse: collapse; sans-serif; color: #000000;\">\n<tbody>\n<tr>\n<td style=\"padding: 10px; text-align: left; font-family: montserrat; font-weight: 400; font-size: 18px; color: #000;\"><img decoding=\"async\" style=\"width: 18px; height: 20px; margin-right: 8px;\" src=\"https:\/\/marrakechgonflable.com\/wp-content\/uploads\/2024\/11\/norm.png\" alt=\"Children Icon\" \/><strong>Norme:<\/strong> EN NF 14960<br \/>\n<img decoding=\"async\" style=\"width: 18px; height: 20px; margin-right: 8px;\" src=\"https:\/\/marrakechgonflable.com\/wp-content\/uploads\/2024\/11\/kg.png\" alt=\"Children Icon\" \/><strong>Poids:<\/strong> 170 kg<br \/>\n<img decoding=\"async\" style=\"width: 18px; height: 20px; margin-right: 8px;\" src=\"https:\/\/marrakechgonflable.com\/wp-content\/uploads\/2024\/11\/stock.png\" alt=\"Children Icon\" \/><span style=\"color: #239e23;\">En stock<\/span><\/td>\n<\/tr>\n<\/tbody>\n<\/table>\n<table style=\"width: 100%; border-collapse: collapse; sans-serif; color: #000000;\">\n<tbody><!-- Row for Norme and Poids --><!-- Row 1: 8 enfants --><\/p>\n<tr style=\"border-top: 1px solid #969696;\">\n<td style=\"padding: 10px; width: 20%; text-align: center;\"><img decoding=\"async\" style=\"width: 60px; height: 60px;\" src=\"https:\/\/marrakechgonflable.com\/wp-content\/uploads\/2024\/11\/1.png\" alt=\"Children Icon\" \/><\/td>\n<td style=\"padding: 10px; text-align: left;\"><strong style=\"font-family: montserrat; font-weight: 500; font-size: 18px; color: #000;\">10 enfants<\/strong><\/td>\n<\/tr>\n<p><!-- Row 2: Age --><\/p>\n<tr style=\"border-top: 1px solid #969696;\">\n<td style=\"padding: 10px; width: 20%; text-align: center;\"><img decoding=\"async\" style=\"width: 60px; height: 60px;\" src=\"https:\/\/marrakechgonflable.com\/wp-content\/uploads\/2024\/11\/2.png\" alt=\"Age Icon\" \/><\/td>\n<td style=\"padding: 10px; text-align: left;\"><strong style=\"font-family: montserrat; font-weight: 500; font-size: 18px; color: #000;\">A partir de 3 ans<\/strong><\/td>\n<\/tr>\n<p><!-- Row 3: Power --><\/p>\n<tr style=\"border-top: 1px solid #969696;\">\n<td style=\"padding: 10px; width: 20%; text-align: center;\"><img decoding=\"async\" style=\"width: 60px; height: 60px;\" src=\"https:\/\/marrakechgonflable.com\/wp-content\/uploads\/2024\/11\/3.png\" alt=\"Power Icon\" \/><\/td>\n<td style=\"padding: 10px; text-align: left;\"><strong style=\"font-family: montserrat; font-weight: 500; font-size: 18px; color: #000;\">2 souffleurs x 220V \/ 16A<\/strong><\/td>\n<\/tr>\n<p><!-- Row 4: Dimensions --><\/p>\n<tr style=\"border-top: 1px solid #969696;\">\n<td style=\"padding: 10px; width: 20%; text-align: center;\"><img decoding=\"async\" style=\"width: 60px; height: 60px;\" src=\"https:\/\/marrakechgonflable.com\/wp-content\/uploads\/2024\/11\/4.png\" alt=\"Dimensions Icon\" \/><\/td>\n<td style=\"padding: 10px; text-align: left;\"><strong style=\"font-family: montserrat; font-weight: 500; font-size: 18px; color: #000;\">(L x l x h): 10,5m x 4,1m x 3,2m<\/strong><\/td>\n<\/tr>\n<\/tbody>\n<\/table>\n","protected":false},"featured_media":554,"template":"","meta":[],"product_cat":[16],"product_tag":[],"class_list":{"0":"post-560","1":"product","2":"type-product","3":"status-publish","4":"has-post-thumbnail","6":"product_cat-jeux-gonflables-aquatiques","8":"first","9":"instock","10":"shipping-taxable","11":"purchasable","12":"product-type-simple"},"_links":{"self":[{"href":"https:\/\/marrakechgonflable.com\/index.php?rest_route=\/wp\/v2\/product\/560"}],"collection":[{"href":"https:\/\/marrakechgonflable.com\/index.php?rest_route=\/wp\/v2\/product"}],"about":[{"href":"https:\/\/marrakechgonflable.com\/index.php?rest_route=\/wp\/v2\/types\/product"}],"wp:featuredmedia":[{"embeddable":true,"href":"https:\/\/marrakechgonflable.com\/index.php?rest_route=\/wp\/v2\/media\/554"}],"wp:attachment":[{"href":"https:\/\/marrakechgonflable.com\/index.php?rest_route=%2Fwp%2Fv2%2Fmedia&parent=560"}],"wp:term":[{"taxonomy":"product_cat","embeddable":true,"href":"https:\/\/marrakechgonflable.com\/index.php?rest_route=%2Fwp%2Fv2%2Fproduct_cat&post=560"},{"taxonomy":"product_tag","embeddable":true,"href":"https:\/\/marrakechgonflable.com\/index.php?rest_route=%2Fwp%2Fv2%2Fproduct_tag&post=560"}],"curies":[{"name":"wp","href":"https:\/\/api.w.org\/{rel}","templated":true}]}}